{"id":248,"date":"2017-10-18T23:04:11","date_gmt":"2017-10-18T23:04:11","guid":{"rendered":"http:\/\/pdeaguinaga.com\/?page_id=248"},"modified":"2017-10-20T21:46:49","modified_gmt":"2017-10-20T21:46:49","slug":"aviso-de-privacidad","status":"publish","type":"page","link":"https:\/\/pdeaguinaga.com\/index.php\/aviso-de-privacidad\/","title":{"rendered":"Aviso de Privacidad"},"content":{"rendered":"<p>[et_pb_section bb_built=&#8221;1&#8243;][et_pb_row][et_pb_column type=&#8221;4_4&#8243;][et_pb_text _builder_version=&#8221;3.0.82&#8243; background_layout=&#8221;light&#8221; border_style=&#8221;solid&#8221; box_shadow_position=&#8221;outer&#8221; text_orientation=&#8221;justified&#8221;]<\/p>\n<h1>Aviso de Privacidad<\/h1>\n<p>El presente aviso de privacidad se realiza en los t\u00e9rminos de los art\u00edculos 8, 15, 16, 33 y 36 de la Ley Federal de Protecci\u00f3n de Datos Personales en posesi\u00f3n de los Particulares (en lo sucesivo, la \u201cLey\u201d) y sus correlativos 14, 23, 24, 26, 30, 40, 41, 68, 90 y 102 del Reglamento de la Ley, tomando en consideraci\u00f3n las actividades y servicios legales.<\/p>\n<p>Publicidad de Aguinaga, S.A. de C.V, en lo sucesivo Publicidad de Aguinaga, con domicilio en Av. Vallarta 6503, interior D1, C.P. 45010, Ciudad Granja, Zapopan, Jalisco y tel\u00e9fono (33) 3682- 1582, es responsable de recabar sus datos personales, del uso que se le d\u00e9 a los mismos y de su protecci\u00f3n en t\u00e9rminos de la Ley Federal para Protecci\u00f3n de Datos Personales en Posesi\u00f3n de Particulares y su reglamento, en lo sucesivo \u201cla Ley\u201d.<\/p>\n<p>a) Fines con los que utiliza Publicidad de Aguinaga, sus datos personales:<\/p>\n<p>Publicidad de Aguinaga recaba y utiliza sus datos personales para el cumplimiento de las siguientes finalidades:<\/p>\n<p>&#8211; Enviar a usted propuestas de servicios profesionales &#8211; Proveer los servicios o productos que ha solicitado usted a Publicidad de Aguinaga y aquellos que Publicidad de Aguinaga considere que pueden ser de su inter\u00e9s &#8211; Informarle a usted sobre cambios en los servicios o productos que haya solicitado o que Publicidad de Aguinaga considere que pueden ser de su inter\u00e9s &#8211; Indagar sobre su opini\u00f3n acerca de los servicios o productos que Publicidad de Aguinaga le haya proporcionado &#8211; Realizaci\u00f3n de encuestas &#8211; Env\u00edo de documentaci\u00f3n y comprobantes fiscales &#8211; Informarle sobre nuevos servicios y\/o productos, promociones o cualquier otro asunto que pueda o no resultar de inter\u00e9s.<\/p>\n<p>b) Datos personales que Publicidad de Aguinaga utiliza para los fines anteriores: Para que Publicidad de Aguinaga preste a usted los servicios o productos que solicita, requerimos datos de identificaci\u00f3n, laborales, patrimoniales, financieros, migratorios u otros; por ejemplo: nombre, fecha de nacimiento, correo electr\u00f3nico, domicilio particular, domicilio laboral, tel\u00e9fonos, cuentas bancarias, cr\u00e9ditos, pasivos, activos, bienes muebles e inmuebles u otros, los cuales se obtienen de los documentos llenados por usted y de los documentos privados u oficiales que nos proporciona directamente, as\u00ed como por preguntas directas de nuestro personal para formar el expediente del asunto y de los contratos mismos producidos por nosotros.<\/p>\n<p>c) Sobre la forma en que Publicidad de Aguinaga comparte sus datos personales:<\/p>\n<p>Sus datos personales se comparten con uno o varios terceros, como proveedores de servicios o productos seleccionados para apoyar las actividades de promoci\u00f3n y comercializaci\u00f3n de productos o servicios, manejo y administraci\u00f3n de sus datos personales, as\u00ed como para fines de verificaci\u00f3n de que la informaci\u00f3n que usted nos proporciona es correcta y actual, por lo que Publicidad de Aguinaga podr\u00eda incluso transferir sus datos personales a dicho(s) tercero(s) sin un fin comercial, ni il\u00edcito, sino \u00fanicamente para cumplir con la prestaci\u00f3n de los servicios o productos proporcionados. De igual manera, Publicidad de Aguinaga podr\u00e1, sin fines comerciales, compartir o transmitir LOS DATOS con sus empresas subsidiarias o filiales para los mismos fines. En caso de que Publicidad de Aguinaga requiera transferir sus datos personales a terceros nacionales o extranjeros distintos de los mencionados en el p\u00e1rrafo anterior para el cumplimiento de nuestros servicios, ser\u00e1 informado previamente de esta situaci\u00f3n a efecto de solicitarle su autorizaci\u00f3n e informarle sobre los destinatarios o terceros receptores y finalidades de dichas transferencias, en t\u00e9rminos de lo previsto en los art\u00edculos 36 y 37 de la Ley Federal de Protecci\u00f3n de Datos Personales en Posesi\u00f3n de los Particulares y 68 de su Reglamento.<\/p>\n<p>En cualquier caso, Publicidad de Aguinaga comunicar\u00e1 el presente aviso de privacidad a los destinatarios de sus datos personales, a fin de que respeten sus t\u00e9rminos.<\/p>\n<p>d) Ejercicio de sus derechos ARCO o revocaci\u00f3n de su consentimiento:<\/p>\n<p>Usted podr\u00e1 acceder, rectificar, cancelar u oponerse (derechos ARCO) al tratamiento de sus datos personales que tenemos en nuestros registros y archivos, o bien, revocar su consentimiento para el uso de los mismos, siempre y cuando sea procedente y no se trate de avisos oficiales o informaci\u00f3n que por ley tenemos que registrar, presentado solicitud por escrito en nuestro domicilio dirigida a la persona o departamento de Administraci\u00f3n, o bien, v\u00eda correo electr\u00f3nico a admon@pdeaguinaga.com<\/p>\n<p>Al respecto, queremos manifestarle que el ejercicio de los derechos ARCO o la revocaci\u00f3n del consentimiento, es independiente de las modificaciones a los datos personales asentados en los contratos a los que usted se obligue con Publicidad de Aguinaga, motivo por el cual, cualquier acci\u00f3n o petici\u00f3n que nos solicite respecto a los mismos se regir\u00e1 por la legislaci\u00f3n aplicable.<\/p>\n<p>Es importante informarle que su solicitud deber\u00e1 contener, al menos, la siguiente informaci\u00f3n: (I) su nombre o el de su representante, domicilio u otro medio para comunicarle la respuesta; (II) los documentos que acrediten su identidad, o en su caso, el de su representante; (III) la descripci\u00f3n clara y precisa de los datos personales respecto de los cuales busca ejercer su derecho con el n\u00famero de instrumento en su caso, y (IV) cualquier otro elemento o documento que facilite la localizaci\u00f3n de los datos personales. Asimismo, deber\u00e1 acreditar su identidad mediante identificaci\u00f3n oficial vigente o en caso de presentar su solicitud a trav\u00e9s de su representante, a trav\u00e9s de instrumento p\u00fablico, carta poder firmada ante dos testigos o declaraci\u00f3n en comparecencia personal del titular. Nos comprometemos a darle respuesta en un plazo m\u00e1ximo de 30 d\u00edas h\u00e1biles contados a partir del d\u00eda en que recibimos su solicitud, misma que pondremos a su disposici\u00f3n en nuestro domicilio si present\u00f3 su solicitud en nuestras oficinas, o bien, a trav\u00e9s de correo electr\u00f3nico si el ejercicio de derechos ARCO lo solicit\u00f3 por este medio, previa acreditaci\u00f3n de su identidad. Si solicita acceso a sus datos personales, la reproducci\u00f3n de \u00e9stos se llevar\u00e1 a cabo a trav\u00e9s de copias simples, archivo electr\u00f3nico, o bien, podr\u00e1 consultarlos directamente en sitio. En caso de solicitar su derecho de rectificaci\u00f3n, su solicitud deber\u00e1 ir acompa\u00f1ada de la documentaci\u00f3n que ampare la procedencia de lo solicitado.<\/p>\n<p>e) Otros medios para limitar el uso y divulgaci\u00f3n de sus datos personales:<\/p>\n<p>Si desea dejar de recibir publicidad o promociones de nuestros servicios podr\u00e1:<\/p>\n<ul>\n<li>Presentar su solicitud personalmente en nuestro domicilio dirigida a la persona o departamento de ADMINISTRACI\u00d3N.<\/li>\n<li>Enviar un correo electr\u00f3nico a la siguiente direcci\u00f3n electr\u00f3nica: admon@pdeaguinaga.com<\/li>\n<\/ul>\n<p>f) Sobre cambios al presente aviso de privacidad:<\/p>\n<p>El presente aviso de privacidad puede sufrir modificaciones o actualizaciones, por lo cual, nos comprometemos a mantenerlo informado de tal situaci\u00f3n a trav\u00e9s de nuestra p\u00e1gina de Internet: pdeaguinaga.com<\/p>\n<p>g) Para contactar a Publicidad de Aguinaga:<\/p>\n<p>Si usted tiene alguna duda sobre el presente aviso de privacidad o nuestra pol\u00edtica de privacidad, puede dirigirla a la direcci\u00f3n electr\u00f3nica admon@pdeaguinaga.com.<\/p>\n<p>Asimismo, ponemos a su entera disposici\u00f3n copias del presente aviso de privacidad en nuestro domicilio y en nuestra p\u00e1gina de Internet pdeaguinaga.com, secci\u00f3n \u201cAviso de Privacidad\u201d.<\/p>\n<p>\u00daltima actualizaci\u00f3n: 20 de octubre de 2017.<\/p>\n<p>[\/et_pb_text][\/et_pb_column][\/et_pb_row][\/et_pb_section]<\/p>\n","protected":false},"excerpt":{"rendered":"<p><div class=\"et_pb_row et_pb_row_0 et_pb_row_empty\">\n\t\t\t\t\n\t\t\t\t\n\t\t\t\t\n\t\t\t\t\n\t\t\t\t\n\t\t\t<\/div> Aviso de Privacidad El presente aviso de privacidad se realiza en los t\u00e9rminos de los art\u00edculos 8, 15, 16, 33 y 36 de la Ley Federal de Protecci\u00f3n de Datos Personales en posesi\u00f3n de los Particulares (en lo sucesivo, la \u201cLey\u201d) y sus correlativos 14, 23, 24, 26, 30, 40, 41, 68, 90 y [&hellip;]<\/p>\n","protected":false},"author":1,"featured_media":0,"parent":0,"menu_order":0,"comment_status":"closed","ping_status":"closed","template":"","meta":{"_et_pb_use_builder":"on","_et_pb_old_content":"","_et_gb_content_width":"","footnotes":""},"class_list":["post-248","page","type-page","status-publish","hentry"],"_links":{"self":[{"href":"https:\/\/pdeaguinaga.com\/index.php\/wp-json\/wp\/v2\/pages\/248","targetHints":{"allow":["GET"]}}],"collection":[{"href":"https:\/\/pdeaguinaga.com\/index.php\/wp-json\/wp\/v2\/pages"}],"about":[{"href":"https:\/\/pdeaguinaga.com\/index.php\/wp-json\/wp\/v2\/types\/page"}],"author":[{"embeddable":true,"href":"https:\/\/pdeaguinaga.com\/index.php\/wp-json\/wp\/v2\/users\/1"}],"replies":[{"embeddable":true,"href":"https:\/\/pdeaguinaga.com\/index.php\/wp-json\/wp\/v2\/comments?post=248"}],"version-history":[{"count":3,"href":"https:\/\/pdeaguinaga.com\/index.php\/wp-json\/wp\/v2\/pages\/248\/revisions"}],"predecessor-version":[{"id":269,"href":"https:\/\/pdeaguinaga.com\/index.php\/wp-json\/wp\/v2\/pages\/248\/revisions\/269"}],"wp:attachment":[{"href":"https:\/\/pdeaguinaga.com\/index.php\/wp-json\/wp\/v2\/media?parent=248"}],"curies":[{"name":"wp","href":"https:\/\/api.w.org\/{rel}","templated":true}]}}